{"id":18,"date":"2026-03-06T11:08:07","date_gmt":"2026-03-06T11:08:07","guid":{"rendered":"https:\/\/dev19.getspace.ro\/rhythm-touch.com\/?page_id=18"},"modified":"2026-03-31T09:19:07","modified_gmt":"2026-03-31T09:19:07","slug":"echipa","status":"publish","type":"page","link":"https:\/\/dev19.getspace.ro\/rhythm-touch.com\/echipa\/","title":{"rendered":"ECHIP\u0102"},"content":{"rendered":"\t\t<div data-elementor-type=\"wp-page\" data-elementor-id=\"18\" class=\"elementor elementor-18\" data-elementor-post-type=\"page\">\n\t\t\t\t<div class=\"elementor-element elementor-element-c833778 e-flex e-con-boxed e-con e-parent\" data-id=\"c833778\" data-element_type=\"container\" data-e-type=\"container\">\n\t\t\t\t\t<div class=\"e-con-inner\">\n\t\t\t\t<div class=\"elementor-element elementor-element-f1fe4c3 elementor-invisible elementor-widget elementor-widget-heading\" data-id=\"f1fe4c3\" data-element_type=\"widget\" data-e-type=\"widget\" data-settings=\"{&quot;_animation&quot;:&quot;fadeInDown&quot;}\" data-widget_type=\"heading.default\">\n\t\t\t\t\t<h1 class=\"elementor-heading-title elementor-size-default\">De ce conteaz\u0103<\/h1>\t\t\t\t<\/div>\n\t\t\t\t<div class=\"elementor-element elementor-element-2f332f4 elementor-invisible elementor-widget elementor-widget-text-editor\" data-id=\"2f332f4\" data-element_type=\"widget\" data-e-type=\"widget\" data-settings=\"{&quot;_animation&quot;:&quot;fadeInDown&quot;}\" data-widget_type=\"text-editor.default\">\n\t\t\t\t\t\t\t\t\t<p><strong><span class=\"a_GcMg font-feature-liga-off font-feature-clig-off font-feature-calt-off text-decoration-none text-strikethrough-none\">Ce faci atunci c\u00e2nd iube\u0219ti muzica, dar lumea ta este cufundat\u0103 \u00een lini\u0219te?<\/span><\/strong><\/p>\t\t\t\t\t\t\t\t<\/div>\n\t\t\t\t<div class=\"elementor-element elementor-element-41195c6 elementor-widget elementor-widget-video\" data-id=\"41195c6\" data-element_type=\"widget\" data-e-type=\"widget\" data-settings=\"{&quot;video_type&quot;:&quot;hosted&quot;,&quot;autoplay&quot;:&quot;yes&quot;,&quot;play_on_mobile&quot;:&quot;yes&quot;,&quot;mute&quot;:&quot;yes&quot;,&quot;loop&quot;:&quot;yes&quot;,&quot;controls&quot;:&quot;yes&quot;}\" data-widget_type=\"video.default\">\n\t\t\t\t\t\t\t<div class=\"e-hosted-video elementor-wrapper elementor-open-inline\">\n\t\t\t\t\t<video class=\"elementor-video\" src=\"https:\/\/dev19.getspace.ro\/rhythm-touch.com\/wp-content\/uploads\/2026\/03\/TEAM_Video-Ana.mp4\" autoplay=\"\" loop=\"\" controls=\"\" muted=\"muted\" playsinline=\"\" controlsList=\"nodownload\"><\/video>\n\t\t\t\t<\/div>\n\t\t\t\t\t\t<\/div>\n\t\t\t\t\t<\/div>\n\t\t\t\t<\/div>\n\t\t<div class=\"elementor-element elementor-element-ee0b802 e-flex e-con-boxed e-con e-parent\" data-id=\"ee0b802\" data-element_type=\"container\" data-e-type=\"container\">\n\t\t\t\t\t<div class=\"e-con-inner\">\n\t\t\t\t<div class=\"elementor-element elementor-element-1f8e9f2 elementor-invisible elementor-widget elementor-widget-text-editor\" data-id=\"1f8e9f2\" data-element_type=\"widget\" data-e-type=\"widget\" data-settings=\"{&quot;_animation&quot;:&quot;fadeInDown&quot;}\" data-widget_type=\"text-editor.default\">\n\t\t\t\t\t\t\t\t\t<p class=\"cvGsUA direction-ltr align-center para-style-body\" style=\"text-align: center;\"><span class=\"a_GcMg font-feature-liga-off font-feature-clig-off font-feature-calt-off text-decoration-none text-strikethrough-none\">Totul a \u00eenceput cu Ana.<\/span><\/p><p class=\"cvGsUA direction-ltr align-center para-style-body\" style=\"text-align: center;\"><span class=\"a_GcMg font-feature-liga-off font-feature-clig-off font-feature-calt-off text-decoration-none text-strikethrough-none\">Prietena noastr\u0103 Ana, care este surd\u0103 din na\u0219tere, nu a l\u0103sat niciodat\u0103 lipsa sunetului s\u0103 o opreasc\u0103 de pe ringul de dans.<\/span><\/p><p class=\"cvGsUA direction-ltr align-center para-style-body\" style=\"text-align: center;\"><span class=\"a_GcMg font-feature-liga-off font-feature-clig-off font-feature-calt-off text-decoration-none text-strikethrough-none\">\u00cens\u0103 ea nu dansa pe muzic\u0103, ci pe mi\u0219c\u0103rile mul\u021bimii. Ca s\u0103 r\u0103m\u00e2n\u0103 \u00een ritm, Ana trebuia s\u0103 urm\u0103reasc\u0103 \u0219i s\u0103 imite oamenii din jur.<\/span><\/p><p class=\"cvGsUA direction-ltr align-center para-style-body\" style=\"text-align: center;\"><strong><span class=\"a_GcMg font-feature-liga-off font-feature-clig-off font-feature-calt-off text-decoration-none text-strikethrough-none\">Experien\u021ba ei era tr\u0103it\u0103 prin ceilal\u021bi, nu prin propriile sim\u021buri.<\/span><\/strong><\/p><p class=\"cvGsUA direction-ltr align-center para-style-body\" style=\"text-align: center;\"><span class=\"a_GcMg font-feature-liga-off font-feature-clig-off font-feature-calt-off text-decoration-none text-strikethrough-none\">Aceast\u0103 realizare a fost sc\u00e2nteia care a dus la Rhythm Touch.<\/span><\/p><p class=\"cvGsUA direction-ltr align-center para-style-body\" style=\"text-align: center;\"><span class=\"a_GcMg font-feature-liga-off font-feature-clig-off font-feature-calt-off text-decoration-none text-strikethrough-none\">Ne-am propus s\u0103 construim o punte \u00eentre muzic\u0103 \u0219i lini\u0219te.<\/span><\/p><p class=\"cvGsUA direction-ltr align-center para-style-body\" style=\"text-align: center;\"><span class=\"a_GcMg font-feature-liga-off font-feature-clig-off font-feature-calt-off text-decoration-none text-strikethrough-none\">Misiunea noastr\u0103 a devenit simpl\u0103, dar profund\u0103: s\u0103 \u00eenlocuim nevoia de a privi cu libertatea de a sim\u021bi.<\/span><\/p><p class=\"cvGsUA direction-ltr align-center para-style-body\" style=\"text-align: center;\"><span class=\"a_GcMg font-feature-liga-off font-feature-clig-off font-feature-calt-off text-decoration-none text-strikethrough-none\">Am creat aceast\u0103 tehnologie pentru ca Ana \u2014 \u0219i to\u021bi cei ca ea \u2014 s\u0103-\u0219i poat\u0103 \u00eenchide ochii, s\u0103 ignore mul\u021bimea \u0219i s\u0103 tr\u0103iasc\u0103 muzica instinctiv, prin limbajul sincer al vibra\u021biilor.<\/span><\/p>\t\t\t\t\t\t\t\t<\/div>\n\t\t\t\t\t<\/div>\n\t\t\t\t<\/div>\n\t\t<div class=\"elementor-element elementor-element-7567aa2 e-flex e-con-boxed elementor-invisible e-con e-parent\" data-id=\"7567aa2\" data-element_type=\"container\" data-e-type=\"container\" data-settings=\"{&quot;animation&quot;:&quot;fadeInDown&quot;}\">\n\t\t\t\t\t<div class=\"e-con-inner\">\n\t\t\t\t<div class=\"elementor-element elementor-element-040dcd3 elementor-widget elementor-widget-heading\" data-id=\"040dcd3\" data-element_type=\"widget\" data-e-type=\"widget\" data-widget_type=\"heading.default\">\n\t\t\t\t\t<h1 class=\"elementor-heading-title elementor-size-default\">Proiectat cu \u00eendem\u00e2nare. Sus\u021binut de empatie.<\/h1>\t\t\t\t<\/div>\n\t\t\t\t\t<\/div>\n\t\t\t\t<\/div>\n\t\t<div class=\"elementor-element elementor-element-761732f e-flex e-con-boxed e-con e-parent\" data-id=\"761732f\" data-element_type=\"container\" data-e-type=\"container\">\n\t\t\t\t\t<div class=\"e-con-inner\">\n\t\t<div class=\"elementor-element elementor-element-94eb819 e-con-full e-flex elementor-invisible e-con e-child\" data-id=\"94eb819\" data-element_type=\"container\" data-e-type=\"container\" data-settings=\"{&quot;animation&quot;:&quot;fadeIn&quot;,&quot;animation_delay&quot;:1000}\">\n\t\t<div class=\"elementor-element elementor-element-9c413ea e-con-full e-flex elementor-invisible e-con e-child\" data-id=\"9c413ea\" data-element_type=\"container\" data-e-type=\"container\" data-settings=\"{&quot;background_background&quot;:&quot;classic&quot;,&quot;animation&quot;:&quot;fadeInDown&quot;}\">\n\t\t\t\t<div class=\"elementor-element elementor-element-97f4c11 elementor-widget elementor-widget-heading\" data-id=\"97f4c11\" data-element_type=\"widget\" data-e-type=\"widget\" data-widget_type=\"heading.default\">\n\t\t\t\t\t<div class=\"elementor-heading-title elementor-size-default\">C\u0103t\u0103lina Rizel<\/div>\t\t\t\t<\/div>\n\t\t\t\t<div class=\"elementor-element elementor-element-98fdf2e elementor-widget elementor-widget-text-editor\" data-id=\"98fdf2e\" data-element_type=\"widget\" data-e-type=\"widget\" data-widget_type=\"text-editor.default\">\n\t\t\t\t\t\t\t\t\t<p><span class=\"a_GcMg font-feature-liga-off font-feature-clig-off font-feature-calt-off text-decoration-none text-strikethrough-none\">Totul \u00eencepe cu o sc\u00e2nteie: curajul de a crede c\u0103 muzica este menit\u0103 s\u0103 fie sim\u021bit\u0103, nu doar auzit\u0103&#8230;<\/span><\/p>\t\t\t\t\t\t\t\t<\/div>\n\t\t\t\t<\/div>\n\t\t<div class=\"elementor-element elementor-element-adcb7b7 e-con-full e-flex elementor-invisible e-con e-child\" data-id=\"adcb7b7\" data-element_type=\"container\" data-e-type=\"container\" data-settings=\"{&quot;background_background&quot;:&quot;classic&quot;,&quot;animation&quot;:&quot;fadeInDown&quot;}\">\n\t\t\t\t<div class=\"elementor-element elementor-element-cdbfc33 elementor-widget elementor-widget-heading\" data-id=\"cdbfc33\" data-element_type=\"widget\" data-e-type=\"widget\" data-widget_type=\"heading.default\">\n\t\t\t\t\t<div class=\"elementor-heading-title elementor-size-default\">M\u0103rioara Mihali<\/div>\t\t\t\t<\/div>\n\t\t\t\t<div class=\"elementor-element elementor-element-01630eb elementor-widget elementor-widget-text-editor\" data-id=\"01630eb\" data-element_type=\"widget\" data-e-type=\"widget\" data-widget_type=\"text-editor.default\">\n\t\t\t\t\t\t\t\t\t<p>\u2026se dezvolt\u0103 prin strategie: transform\u00e2nd o viziune \u00eendr\u0103znea\u021b\u0103 \u00eentr-un parcurs clar \u0219i aplicabil\u2026<\/p>\t\t\t\t\t\t\t\t<\/div>\n\t\t\t\t<\/div>\n\t\t<div class=\"elementor-element elementor-element-b4246df e-con-full e-flex elementor-invisible e-con e-child\" data-id=\"b4246df\" data-element_type=\"container\" data-e-type=\"container\" data-settings=\"{&quot;background_background&quot;:&quot;classic&quot;,&quot;animation&quot;:&quot;fadeInDown&quot;}\">\n\t\t\t\t<div class=\"elementor-element elementor-element-7cd195f elementor-widget elementor-widget-heading\" data-id=\"7cd195f\" data-element_type=\"widget\" data-e-type=\"widget\" data-widget_type=\"heading.default\">\n\t\t\t\t\t<div class=\"elementor-heading-title elementor-size-default\">Iulia Bara<\/div>\t\t\t\t<\/div>\n\t\t\t\t<div class=\"elementor-element elementor-element-a8cad1f elementor-widget elementor-widget-text-editor\" data-id=\"a8cad1f\" data-element_type=\"widget\" data-e-type=\"widget\" data-widget_type=\"text-editor.default\">\n\t\t\t\t\t\t\t\t\t<p><span class=\"a_GcMg font-feature-liga-off font-feature-clig-off font-feature-calt-off text-decoration-none text-strikethrough-none\">\u2026prinde form\u0103 prin tehnologie: proiect\u00e2nd mecanismul care transform\u0103 emo\u021bia \u00een vibra\u021bie\u2026<\/span><\/p>\t\t\t\t\t\t\t\t<\/div>\n\t\t\t\t<\/div>\n\t\t<div class=\"elementor-element elementor-element-604a28e e-con-full e-flex elementor-invisible e-con e-child\" data-id=\"604a28e\" data-element_type=\"container\" data-e-type=\"container\" data-settings=\"{&quot;background_background&quot;:&quot;classic&quot;,&quot;animation&quot;:&quot;fadeInDown&quot;}\">\n\t\t\t\t<div class=\"elementor-element elementor-element-40e065c elementor-widget elementor-widget-heading\" data-id=\"40e065c\" data-element_type=\"widget\" data-e-type=\"widget\" data-widget_type=\"heading.default\">\n\t\t\t\t\t<div class=\"elementor-heading-title elementor-size-default\">Ioana Popa<\/div>\t\t\t\t<\/div>\n\t\t\t\t<div class=\"elementor-element elementor-element-ce80b16 elementor-widget elementor-widget-text-editor\" data-id=\"ce80b16\" data-element_type=\"widget\" data-e-type=\"widget\" data-widget_type=\"text-editor.default\">\n\t\t\t\t\t\t\t\t\t<p><span class=\"a_GcMg font-feature-liga-off font-feature-clig-off font-feature-calt-off text-decoration-none text-strikethrough-none\">\u2026\u0219i \u00ee\u0219i g\u0103se\u0219te scopul \u00een oameni: aduc\u00e2nd aceast\u0103 experien\u021b\u0103 comunit\u0103\u021bii care are cea mai mare nevoie de ea.<\/span><\/p>\t\t\t\t\t\t\t\t<\/div>\n\t\t\t\t<\/div>\n\t\t\t\t<\/div>\n\t\t\t\t\t<\/div>\n\t\t\t\t<\/div>\n\t\t\t\t<\/div>\n\t\t","protected":false},"excerpt":{"rendered":"<p>De ce conteaz\u0103 Ce faci atunci c\u00e2nd iube\u0219ti muzica, dar lumea ta este cufundat\u0103 \u00een lini\u0219te? https:\/\/dev19.getspace.ro\/rhythm-touch.com\/wp-content\/uploads\/2026\/03\/TEAM_Video-Ana.mp4 Totul a \u00eenceput cu Ana. Prietena noastr\u0103 Ana, care este surd\u0103 din na\u0219tere, nu a l\u0103sat niciodat\u0103 lipsa sunetului s\u0103 o opreasc\u0103 de pe ringul de dans. \u00cens\u0103 ea nu dansa pe muzic\u0103, ci pe mi\u0219c\u0103rile mul\u021bimii. Ca [&hellip;]<\/p>\n","protected":false},"author":1,"featured_media":0,"parent":0,"menu_order":0,"comment_status":"closed","ping_status":"closed","template":"elementor_header_footer","meta":{"footnotes":""},"class_list":["post-18","page","type-page","status-publish","hentry","entry"],"_links":{"self":[{"href":"https:\/\/dev19.getspace.ro\/rhythm-touch.com\/wp-json\/wp\/v2\/pages\/18","targetHints":{"allow":["GET"]}}],"collection":[{"href":"https:\/\/dev19.getspace.ro\/rhythm-touch.com\/wp-json\/wp\/v2\/pages"}],"about":[{"href":"https:\/\/dev19.getspace.ro\/rhythm-touch.com\/wp-json\/wp\/v2\/types\/page"}],"author":[{"embeddable":true,"href":"https:\/\/dev19.getspace.ro\/rhythm-touch.com\/wp-json\/wp\/v2\/users\/1"}],"replies":[{"embeddable":true,"href":"https:\/\/dev19.getspace.ro\/rhythm-touch.com\/wp-json\/wp\/v2\/comments?post=18"}],"version-history":[{"count":49,"href":"https:\/\/dev19.getspace.ro\/rhythm-touch.com\/wp-json\/wp\/v2\/pages\/18\/revisions"}],"predecessor-version":[{"id":601,"href":"https:\/\/dev19.getspace.ro\/rhythm-touch.com\/wp-json\/wp\/v2\/pages\/18\/revisions\/601"}],"wp:attachment":[{"href":"https:\/\/dev19.getspace.ro\/rhythm-touch.com\/wp-json\/wp\/v2\/media?parent=18"}],"curies":[{"name":"wp","href":"https:\/\/api.w.org\/{rel}","templated":true}]}}