{"id":16,"date":"2026-03-06T11:07:59","date_gmt":"2026-03-06T11:07:59","guid":{"rendered":"https:\/\/dev19.getspace.ro\/rhythm-touch.com\/?page_id=16"},"modified":"2026-03-31T09:15:13","modified_gmt":"2026-03-31T09:15:13","slug":"produs","status":"publish","type":"page","link":"https:\/\/dev19.getspace.ro\/rhythm-touch.com\/produs\/","title":{"rendered":"PRODUS"},"content":{"rendered":"\t\t<div data-elementor-type=\"wp-page\" data-elementor-id=\"16\" class=\"elementor elementor-16\" data-elementor-post-type=\"page\">\n\t\t\t\t<div class=\"elementor-element elementor-element-86062e2 e-flex e-con-boxed e-con e-parent\" data-id=\"86062e2\" data-element_type=\"container\" data-e-type=\"container\">\n\t\t\t\t\t<div class=\"e-con-inner\">\n\t\t\t\t<div class=\"elementor-element elementor-element-d5bf5da elementor-invisible elementor-widget elementor-widget-image\" data-id=\"d5bf5da\" data-element_type=\"widget\" data-e-type=\"widget\" data-settings=\"{&quot;_animation&quot;:&quot;fadeIn&quot;}\" data-widget_type=\"image.default\">\n\t\t\t\t\t\t\t\t\t\t\t\t\t\t\t<img fetchpriority=\"high\" decoding=\"async\" width=\"1024\" height=\"682\" src=\"https:\/\/dev19.getspace.ro\/rhythm-touch.com\/wp-content\/uploads\/2026\/03\/Product-1024x682.jpeg\" class=\"attachment-large size-large wp-image-231\" alt=\"\" srcset=\"https:\/\/dev19.getspace.ro\/rhythm-touch.com\/wp-content\/uploads\/2026\/03\/Product-1024x682.jpeg 1024w, https:\/\/dev19.getspace.ro\/rhythm-touch.com\/wp-content\/uploads\/2026\/03\/Product-300x200.jpeg 300w, https:\/\/dev19.getspace.ro\/rhythm-touch.com\/wp-content\/uploads\/2026\/03\/Product-768x512.jpeg 768w, https:\/\/dev19.getspace.ro\/rhythm-touch.com\/wp-content\/uploads\/2026\/03\/Product-1536x1023.jpeg 1536w, https:\/\/dev19.getspace.ro\/rhythm-touch.com\/wp-content\/uploads\/2026\/03\/Product-2048x1364.jpeg 2048w\" sizes=\"(max-width: 1024px) 100vw, 1024px\" \/>\t\t\t\t\t\t\t\t\t\t\t\t\t\t\t<\/div>\n\t\t\t\t<div class=\"elementor-element elementor-element-712d398 elementor-invisible elementor-widget elementor-widget-heading\" data-id=\"712d398\" data-element_type=\"widget\" data-e-type=\"widget\" data-settings=\"{&quot;_animation&quot;:&quot;fadeInDown&quot;}\" data-widget_type=\"heading.default\">\n\t\t\t\t\t<h2 class=\"elementor-heading-title elementor-size-default\">Mai mult dec\u00e2t un produs.<\/h2>\t\t\t\t<\/div>\n\t\t\t\t<div class=\"elementor-element elementor-element-4ad8fbe elementor-invisible elementor-widget elementor-widget-text-editor\" data-id=\"4ad8fbe\" data-element_type=\"widget\" data-e-type=\"widget\" data-settings=\"{&quot;_animation&quot;:&quot;fadeInDown&quot;}\" data-widget_type=\"text-editor.default\">\n\t\t\t\t\t\t\t\t\t<p class=\"cvGsUA direction-ltr align-center para-style-body\" style=\"text-align: center;\"><span class=\"a_GcMg font-feature-liga-off font-feature-clig-off font-feature-calt-off text-decoration-none text-strikethrough-none\">Rhythm Touch transform\u0103 muzica \u00een vibra\u021bii cu semnifica\u021bie, permi\u021b\u00e2nd oamenilor s\u0103 experimenteze ritmul, intensitatea \u0219i emo\u021bia prin atingere.<\/span><\/p><p class=\"cvGsUA direction-ltr align-center para-style-body\" style=\"text-align: center;\"><span class=\"a_GcMg font-feature-liga-off font-feature-clig-off font-feature-calt-off text-decoration-none text-strikethrough-none\">Dispozitivul capteaz\u0103 ritmul muzical \u00een timp real prin intermediul unui microfon \u0219i \u00eel transmite sub form\u0103 de feedback tactil, folosind motoare cu vibra\u021bie plasate \u00een jurul \u00eencheieturii m\u00e2inii.<\/span><\/p>\t\t\t\t\t\t\t\t<\/div>\n\t\t\t\t<div class=\"elementor-element elementor-element-934d31f elementor-align-center elementor-invisible elementor-widget elementor-widget-button\" data-id=\"934d31f\" data-element_type=\"widget\" data-e-type=\"widget\" data-settings=\"{&quot;_animation&quot;:&quot;fadeInDown&quot;}\" data-widget_type=\"button.default\">\n\t\t\t\t\t\t\t\t\t\t<a class=\"elementor-button elementor-button-link elementor-size-sm\" href=\"#produs\">\n\t\t\t\t\t\t<span class=\"elementor-button-content-wrapper\">\n\t\t\t\t\t\t\t\t\t<span class=\"elementor-button-text\">CUMP\u0102R\u0102<\/span>\n\t\t\t\t\t<\/span>\n\t\t\t\t\t<\/a>\n\t\t\t\t\t\t\t\t<\/div>\n\t\t\t\t\t<\/div>\n\t\t\t\t<\/div>\n\t\t<div class=\"elementor-element elementor-element-4894068 e-flex e-con-boxed e-con e-parent\" data-id=\"4894068\" data-element_type=\"container\" data-e-type=\"container\">\n\t\t\t\t\t<div class=\"e-con-inner\">\n\t\t<div class=\"elementor-element elementor-element-4043329 e-con-full e-flex e-con e-child\" data-id=\"4043329\" data-element_type=\"container\" data-e-type=\"container\">\n\t\t\t\t<div class=\"elementor-element elementor-element-7243901 elementor-invisible elementor-widget elementor-widget-text-editor\" data-id=\"7243901\" data-element_type=\"widget\" data-e-type=\"widget\" id=\"produs\" data-settings=\"{&quot;_animation&quot;:&quot;fadeInDown&quot;}\" data-widget_type=\"text-editor.default\">\n\t\t\t\t\t\t\t\t\t<p class=\"cvGsUA direction-ltr align-center para-style-body\" style=\"text-align: center;\"><span class=\"a_GcMg font-feature-liga-off font-feature-clig-off font-feature-calt-off text-decoration-none text-strikethrough-none\">Produsul se afl\u0103 momentan \u00een faza de prototip \u0219i nu este \u00eenc\u0103 disponibil pentru achizi\u021bie.<\/span><\/p><p class=\"cvGsUA direction-ltr align-center para-style-body\" style=\"text-align: center;\"><span class=\"a_GcMg font-feature-liga-off font-feature-clig-off font-feature-calt-off text-decoration-none text-strikethrough-none\">Aceasta nu este versiunea final\u0103. Prototipul ne ajut\u0103 s\u0103 test\u0103m conceptul \u00een situa\u021bii reale \u0219i s\u0103 \u00eembun\u0103t\u0103\u021bim experien\u021ba pe baza p\u0103rerilor utilizatorilor.<\/span><\/p><p class=\"cvGsUA direction-ltr align-center para-style-body\" style=\"text-align: center;\"><strong><span class=\"a_GcMg font-feature-liga-off font-feature-clig-off font-feature-calt-off text-decoration-none text-strikethrough-none\">Urmeaz\u0103 nout\u0103\u021bi \u0219i \u00eembun\u0103t\u0103\u021biri, a\u0219a c\u0103 stai pe aproape!<\/span><\/strong><\/p>\t\t\t\t\t\t\t\t<\/div>\n\t\t\t\t<\/div>\n\t\t\t\t\t<\/div>\n\t\t\t\t<\/div>\n\t\t\t\t<\/div>\n\t\t","protected":false},"excerpt":{"rendered":"<p>Mai mult dec\u00e2t un produs. Rhythm Touch transform\u0103 muzica \u00een vibra\u021bii cu semnifica\u021bie, permi\u021b\u00e2nd oamenilor s\u0103 experimenteze ritmul, intensitatea \u0219i emo\u021bia prin atingere. Dispozitivul capteaz\u0103 ritmul muzical \u00een timp real prin intermediul unui microfon \u0219i \u00eel transmite sub form\u0103 de feedback tactil, folosind motoare cu vibra\u021bie plasate \u00een jurul \u00eencheieturii m\u00e2inii. CUMP\u0102R\u0102 Produsul se afl\u0103 [&hellip;]<\/p>\n","protected":false},"author":1,"featured_media":0,"parent":0,"menu_order":0,"comment_status":"closed","ping_status":"closed","template":"elementor_header_footer","meta":{"footnotes":""},"class_list":["post-16","page","type-page","status-publish","hentry","entry"],"_links":{"self":[{"href":"https:\/\/dev19.getspace.ro\/rhythm-touch.com\/wp-json\/wp\/v2\/pages\/16","targetHints":{"allow":["GET"]}}],"collection":[{"href":"https:\/\/dev19.getspace.ro\/rhythm-touch.com\/wp-json\/wp\/v2\/pages"}],"about":[{"href":"https:\/\/dev19.getspace.ro\/rhythm-touch.com\/wp-json\/wp\/v2\/types\/page"}],"author":[{"embeddable":true,"href":"https:\/\/dev19.getspace.ro\/rhythm-touch.com\/wp-json\/wp\/v2\/users\/1"}],"replies":[{"embeddable":true,"href":"https:\/\/dev19.getspace.ro\/rhythm-touch.com\/wp-json\/wp\/v2\/comments?post=16"}],"version-history":[{"count":34,"href":"https:\/\/dev19.getspace.ro\/rhythm-touch.com\/wp-json\/wp\/v2\/pages\/16\/revisions"}],"predecessor-version":[{"id":594,"href":"https:\/\/dev19.getspace.ro\/rhythm-touch.com\/wp-json\/wp\/v2\/pages\/16\/revisions\/594"}],"wp:attachment":[{"href":"https:\/\/dev19.getspace.ro\/rhythm-touch.com\/wp-json\/wp\/v2\/media?parent=16"}],"curies":[{"name":"wp","href":"https:\/\/api.w.org\/{rel}","templated":true}]}}